{"id":42,"date":"2022-01-04T20:33:08","date_gmt":"2022-01-04T20:33:08","guid":{"rendered":"https:\/\/criativa-engenharia.com\/?page_id=42"},"modified":"2024-06-10T17:36:54","modified_gmt":"2024-06-10T20:36:54","slug":"servicos","status":"publish","type":"page","link":"https:\/\/criativa-engenharia.com\/index.php\/servicos\/","title":{"rendered":"SERVI\u00c7OS"},"content":{"rendered":"<div  class='flex_column av-eycti-6d8c27e50391808dc0fc09fce4f5a294 av_two_third  avia-builder-el-0  el_before_av_hr  avia-builder-el-first  first flex_column_div  '     ><p>\n<style type=\"text\/css\" data-created_by=\"avia_inline_auto\" id=\"style-css-av-er9yi-7e90ed77702264c54433ceeaf4532b23\">\n#top .av-special-heading.av-er9yi-7e90ed77702264c54433ceeaf4532b23{\npadding-bottom:10px;\nfont-size:40px;\n}\nbody .av-special-heading.av-er9yi-7e90ed77702264c54433ceeaf4532b23 .av-special-heading-tag .heading-char{\nfont-size:30px;\n}\n#top #wrap_all .av-special-heading.av-er9yi-7e90ed77702264c54433ceeaf4532b23 .av-special-heading-tag{\nfont-size:40px;\n}\n.av-special-heading.av-er9yi-7e90ed77702264c54433ceeaf4532b23 .av-subheading{\nfont-size:24px;\n}\n\n@media only screen and (min-width: 480px) and (max-width: 767px){ \n#top #wrap_all .av-special-heading.av-er9yi-7e90ed77702264c54433ceeaf4532b23 .av-special-heading-tag{\nfont-size:0.8em;\n}\n}\n\n@media only screen and (max-width: 479px){ \n#top #wrap_all .av-special-heading.av-er9yi-7e90ed77702264c54433ceeaf4532b23 .av-special-heading-tag{\nfont-size:0.8em;\n}\n}\n<\/style>\n<div  class='av-special-heading av-er9yi-7e90ed77702264c54433ceeaf4532b23 av-special-heading-h3 blockquote modern-quote  avia-builder-el-1  el_before_av_heading  avia-builder-el-first  av-thin-font av-inherit-size'><h3 class='av-special-heading-tag'  itemprop=\"headline\"  >O QUE <strong>FAZEMOS<\/strong><\/h3><div class=\"special-heading-border\"><div class=\"special-heading-inner-border\"><\/div><\/div><\/div><br \/>\n\n<style type=\"text\/css\" data-created_by=\"avia_inline_auto\" id=\"style-css-av-lx82kq33-12c312a5ab2ba5322d650f7e8a212395\">\n#top .av-special-heading.av-lx82kq33-12c312a5ab2ba5322d650f7e8a212395{\npadding-bottom:10px;\nfont-size:40px;\n}\nbody .av-special-heading.av-lx82kq33-12c312a5ab2ba5322d650f7e8a212395 .av-special-heading-tag .heading-char{\nfont-size:30px;\n}\n#top #wrap_all .av-special-heading.av-lx82kq33-12c312a5ab2ba5322d650f7e8a212395 .av-special-heading-tag{\nfont-size:40px;\n}\n.av-special-heading.av-lx82kq33-12c312a5ab2ba5322d650f7e8a212395 .av-subheading{\nfont-size:24px;\n}\n\n@media only screen and (min-width: 480px) and (max-width: 767px){ \n#top #wrap_all .av-special-heading.av-lx82kq33-12c312a5ab2ba5322d650f7e8a212395 .av-special-heading-tag{\nfont-size:0.8em;\n}\n}\n\n@media only screen and (max-width: 479px){ \n#top #wrap_all .av-special-heading.av-lx82kq33-12c312a5ab2ba5322d650f7e8a212395 .av-special-heading-tag{\nfont-size:0.8em;\n}\n}\n<\/style>\n<div  class='av-special-heading av-lx82kq33-12c312a5ab2ba5322d650f7e8a212395 av-special-heading-h3 blockquote modern-quote  avia-builder-el-2  el_after_av_heading  el_before_av_textblock  av-inherit-size'><h3 class='av-special-heading-tag'  itemprop=\"headline\"  >CONSTRU\u00c7\u00c3O DE EDIFICA\u00c7\u00d5ES INDUSTRIAIS E COORPORATIVAS<\/h3><div class=\"special-heading-border\"><div class=\"special-heading-inner-border\"><\/div><\/div><\/div><br \/>\n\n<style type=\"text\/css\" data-created_by=\"avia_inline_auto\" id=\"style-css-av-c8fti-7c0b82d535bff616b3d7fadc191c6f9f\">\n#top .av_textblock_section.av-c8fti-7c0b82d535bff616b3d7fadc191c6f9f .avia_textblock{\nfont-size:16px;\ntext-align:left;\n}\n<\/style>\n<section  class='av_textblock_section av-c8fti-7c0b82d535bff616b3d7fadc191c6f9f '   itemscope=\"itemscope\" itemtype=\"https:\/\/schema.org\/CreativeWork\" ><div class='avia_textblock'  itemprop=\"text\" ><p style=\"text-align: left;\">Oferecemos solu\u00e7\u00f5es de engenharia personalizadas para a execu\u00e7\u00e3o de projetos destinados a obras industriais e corporativas. Contamos com uma equipe altamente qualificada e experiente, dedicada a transformar vis\u00f5es em realidade. Do planejamento \u00e0 constru\u00e7\u00e3o, buscamos a excel\u00eancia em cada detalhe, assegurando solu\u00e7\u00f5es robustas e eficientes que atendam \u00e0s necessidades espec\u00edficas de nossos clientes.<\/p>\n<\/div><\/section><\/p><\/div>\n\n<style type=\"text\/css\" data-created_by=\"avia_inline_auto\" id=\"style-css-av-aygyi-7ab6d54bc7508e73944ed47353c8e057\">\n#top .hr.hr-invisible.av-aygyi-7ab6d54bc7508e73944ed47353c8e057{\nheight:15px;\n}\n<\/style>\n<div  class='hr av-aygyi-7ab6d54bc7508e73944ed47353c8e057 hr-invisible  avia-builder-el-4  el_after_av_two_third  el_before_av_one_third '><span class='hr-inner '><span class=\"hr-inner-style\"><\/span><\/span><\/div>\n<div class='flex_column_table av-a05ru-f2499cceb700d20b8ff6589a558c65df sc-av_one_third av-equal-height-column-flextable'>\n<style type=\"text\/css\" data-created_by=\"avia_inline_auto\" id=\"style-css-av-a05ru-f2499cceb700d20b8ff6589a558c65df\">\n@keyframes av_boxShadowEffect_av-a05ru-f2499cceb700d20b8ff6589a558c65df-row {\n0%   { box-shadow:  0 0 0 0 ; opacity: 1; }\n100% { box-shadow:  0 0 10px 0 ; opacity: 1; }\n}\n.flex_column.av-a05ru-f2499cceb700d20b8ff6589a558c65df{\nwidth:30.333333333333%;\nmargin-left:0;\ntransform:scale(1.1);\nz-index:5;\nborder-width:1px;\nborder-color:#777777;\nborder-style:solid;\npadding:30px 30px 30px 30px;\n}\n#top .flex_column_table.av-equal-height-column-flextable.av-a05ru-f2499cceb700d20b8ff6589a558c65df .av-flex-placeholder{\nwidth:4.5%;\n}\n<\/style>\n<div  class='flex_column av-a05ru-f2499cceb700d20b8ff6589a558c65df av_one_third  avia-builder-el-5  el_after_av_hr  el_before_av_one_third  first flex_column_table_cell av-equal-height-column av-align-top  '     ><p>\n<style type=\"text\/css\" data-created_by=\"avia_inline_auto\" id=\"style-css-av-9gt62-bbf12c0e7f9e184356bbd5af5eb7579a\">\n#top .av-special-heading.av-9gt62-bbf12c0e7f9e184356bbd5af5eb7579a{\npadding-bottom:10px;\nfont-size:30px;\n}\nbody .av-special-heading.av-9gt62-bbf12c0e7f9e184356bbd5af5eb7579a .av-special-heading-tag .heading-char{\nfont-size:30px;\npadding-bottom:10px;\n}\n#top #wrap_all .av-special-heading.av-9gt62-bbf12c0e7f9e184356bbd5af5eb7579a .av-special-heading-tag{\nfont-size:30px;\n}\n.av-special-heading.av-9gt62-bbf12c0e7f9e184356bbd5af5eb7579a .av-subheading{\nfont-size:15px;\n}\n\n@media only screen and (min-width: 480px) and (max-width: 767px){ \n#top #wrap_all .av-special-heading.av-9gt62-bbf12c0e7f9e184356bbd5af5eb7579a .av-special-heading-tag{\nfont-size:0.8em;\n}\n}\n\n@media only screen and (max-width: 479px){ \n#top #wrap_all .av-special-heading.av-9gt62-bbf12c0e7f9e184356bbd5af5eb7579a .av-special-heading-tag{\nfont-size:0.8em;\n}\n}\n<\/style>\n<div  class='av-special-heading av-9gt62-bbf12c0e7f9e184356bbd5af5eb7579a av-special-heading-h3 blockquote elegant-quote elegant-centered  avia-builder-el-6  el_before_av_textblock  avia-builder-el-first  av-thin-font av-inherit-size av-icon'><h3 class='av-special-heading-tag'  itemprop=\"headline\"  ><span class='heading-char avia-font-entypo-fontello' aria-hidden='true' data-av_icon='\ue858' data-av_iconfont='entypo-fontello'><\/span><span class=\"heading-wrap\">SEGURAN\u00c7A E <strong> S\u00c1UDE<\/strong> DO <strong> TRABALHO<\/strong> <\/span><\/h3><div class=\"special-heading-border\"><div class=\"special-heading-inner-border\"><\/div><\/div><\/div><br \/>\n\n<style type=\"text\/css\" data-created_by=\"avia_inline_auto\" id=\"style-css-av-8pzcm-714d4cab40f3432976d7fd90e59728df\">\n#top .av_textblock_section.av-8pzcm-714d4cab40f3432976d7fd90e59728df .avia_textblock{\nfont-size:16px;\n}\n<\/style>\n<section  class='av_textblock_section av-8pzcm-714d4cab40f3432976d7fd90e59728df '   itemscope=\"itemscope\" itemtype=\"https:\/\/schema.org\/CreativeWork\" ><div class='avia_textblock'  itemprop=\"text\" ><div class=\"page\" title=\"Page 5\">\n<div class=\"section\">\n<div class=\"layoutArea\">\n<div class=\"column\">\n<p>Gerenciamos integralmente todos os aspectos relacionados \u00e0 Seguran\u00e7a e Sa\u00fade no Trabalho, abrangendo desde a An\u00e1lise Documental, Integra\u00e7\u00e3o Criativa, Treinamentos e Reciclagens, DDS (Di\u00e1logo Di\u00e1rio de Seguran\u00e7a), Permiss\u00f5es de Trabalho, Check List de Equipamentos, Plano de Gerenciamento de Riscos, at\u00e9 o Plano de Rigging (projeto\/ART), Relat\u00f3rio de Seguran\u00e7a do Trabalho e An\u00e1lise e Tratamento de Dados Estat\u00edsticos.<\/p>\n<\/div>\n<\/div>\n<\/div>\n<\/div>\n<\/div><\/section><\/p><\/div>\n<div class='av-flex-placeholder'><\/div>\n<style type=\"text\/css\" data-created_by=\"avia_inline_auto\" id=\"style-css-av-82l2e-98ed34f3cf8daa987b0474852587f6c4\">\n.flex_column.av-82l2e-98ed34f3cf8daa987b0474852587f6c4{\nwidth:30.333333333333%;\nmargin-left:0;\ntransform:scale(1.1);\nz-index:5;\nborder-width:1px;\nborder-color:#777777;\nborder-style:solid;\npadding:30px 30px 30px 30px;\n}\n#top .flex_column_table.av-equal-height-column-flextable.av-82l2e-98ed34f3cf8daa987b0474852587f6c4 .av-flex-placeholder{\nwidth:4.5%;\n}\n<\/style>\n<div  class='flex_column av-82l2e-98ed34f3cf8daa987b0474852587f6c4 av_one_third  avia-builder-el-8  el_after_av_one_third  el_before_av_hr  flex_column_table_cell av-equal-height-column av-align-top  '     ><p>\n<style type=\"text\/css\" data-created_by=\"avia_inline_auto\" id=\"style-css-av-q0ga-ec8f8fe029c81da8fc5ad1e1b2f0d5ea\">\n#top .av-special-heading.av-q0ga-ec8f8fe029c81da8fc5ad1e1b2f0d5ea{\npadding-bottom:10px;\nfont-size:30px;\n}\nbody .av-special-heading.av-q0ga-ec8f8fe029c81da8fc5ad1e1b2f0d5ea .av-special-heading-tag .heading-char{\nfont-size:30px;\npadding-bottom:10px;\n}\n#top #wrap_all .av-special-heading.av-q0ga-ec8f8fe029c81da8fc5ad1e1b2f0d5ea .av-special-heading-tag{\nfont-size:30px;\n}\n.av-special-heading.av-q0ga-ec8f8fe029c81da8fc5ad1e1b2f0d5ea .av-subheading{\nfont-size:15px;\n}\n\n@media only screen and (min-width: 480px) and (max-width: 767px){ \n#top #wrap_all .av-special-heading.av-q0ga-ec8f8fe029c81da8fc5ad1e1b2f0d5ea .av-special-heading-tag{\nfont-size:0.8em;\n}\n}\n\n@media only screen and (max-width: 479px){ \n#top #wrap_all .av-special-heading.av-q0ga-ec8f8fe029c81da8fc5ad1e1b2f0d5ea .av-special-heading-tag{\nfont-size:0.8em;\n}\n}\n<\/style>\n<div  class='av-special-heading av-q0ga-ec8f8fe029c81da8fc5ad1e1b2f0d5ea av-special-heading-h3 blockquote elegant-quote elegant-centered  avia-builder-el-9  el_before_av_textblock  avia-builder-el-first  av-thin-font av-inherit-size av-icon'><h3 class='av-special-heading-tag'  itemprop=\"headline\"  ><span class='heading-char avia-font-entypo-fontello' aria-hidden='true' data-av_icon='\ue8b8' data-av_iconfont='entypo-fontello'><\/span><span class=\"heading-wrap\">MEIO<strong> AMBIENTE<\/strong><\/span><\/h3><div class=\"special-heading-border\"><div class=\"special-heading-inner-border\"><\/div><\/div><\/div><br \/>\n\n<style type=\"text\/css\" data-created_by=\"avia_inline_auto\" id=\"style-css-av-73yb2-29661404bf988595b65a4c791b7176cf\">\n#top .av_textblock_section.av-73yb2-29661404bf988595b65a4c791b7176cf .avia_textblock{\nfont-size:16px;\n}\n<\/style>\n<section  class='av_textblock_section av-73yb2-29661404bf988595b65a4c791b7176cf '   itemscope=\"itemscope\" itemtype=\"https:\/\/schema.org\/CreativeWork\" ><div class='avia_textblock'  itemprop=\"text\" ><p>O Plano de Gerenciamento de Res\u00edduos da Constru\u00e7\u00e3o Civil (PGRCC) \u00e9 elaborado com diretrizes claras para o correto manejo e destina\u00e7\u00e3o ambientalmente adequada dos res\u00edduos provenientes da constru\u00e7\u00e3o civil, destacando a prioriza\u00e7\u00e3o da minimiza\u00e7\u00e3o de res\u00edduos s\u00f3lidos gerados nos canteiros de obras. Buscamos a sustentabilidade por meio da ado\u00e7\u00e3o de a\u00e7\u00f5es e metodologias sustent\u00e1veis, e contamos com experi\u00eancia em obras certificadas pelo LEED.<\/p>\n<\/div><\/section><\/p><\/div><\/div><!--close column table wrapper. Autoclose: 1 -->\n\n<style type=\"text\/css\" data-created_by=\"avia_inline_auto\" id=\"style-css-av-5uxh2-e7460c30136158db6e47f7db6d086309\">\n#top .hr.hr-invisible.av-5uxh2-e7460c30136158db6e47f7db6d086309{\nheight:21px;\n}\n<\/style>\n<div  class='hr av-5uxh2-e7460c30136158db6e47f7db6d086309 hr-invisible  avia-builder-el-11  el_after_av_one_third  el_before_av_one_third '><span class='hr-inner '><span class=\"hr-inner-style\"><\/span><\/span><\/div>\n<div class='flex_column_table av-4cs0i-e52184b6ced30ef0ffbefe35154fd0e5 sc-av_one_third av-equal-height-column-flextable'>\n<style type=\"text\/css\" data-created_by=\"avia_inline_auto\" id=\"style-css-av-4cs0i-e52184b6ced30ef0ffbefe35154fd0e5\">\n.flex_column.av-4cs0i-e52184b6ced30ef0ffbefe35154fd0e5{\nwidth:30.333333333333%;\nmargin-left:0;\ntransform:scale(1.1);\nz-index:5;\nborder-width:1px;\nborder-color:#777777;\nborder-style:solid;\npadding:30px 30px 30px 30px;\n}\n#top .flex_column_table.av-equal-height-column-flextable.av-4cs0i-e52184b6ced30ef0ffbefe35154fd0e5 .av-flex-placeholder{\nwidth:4.5%;\n}\n<\/style>\n<div  class='flex_column av-4cs0i-e52184b6ced30ef0ffbefe35154fd0e5 av_one_third  avia-builder-el-12  el_after_av_hr  el_before_av_one_third  first flex_column_table_cell av-equal-height-column av-align-top  '     ><p>\n<style type=\"text\/css\" data-created_by=\"avia_inline_auto\" id=\"style-css-av-3pzhm-e432e6649194e0a7a6db6c5f1383b771\">\n#top .av-special-heading.av-3pzhm-e432e6649194e0a7a6db6c5f1383b771{\npadding-bottom:10px;\nfont-size:30px;\n}\nbody .av-special-heading.av-3pzhm-e432e6649194e0a7a6db6c5f1383b771 .av-special-heading-tag .heading-char{\nfont-size:30px;\npadding-bottom:10px;\n}\n#top #wrap_all .av-special-heading.av-3pzhm-e432e6649194e0a7a6db6c5f1383b771 .av-special-heading-tag{\nfont-size:30px;\n}\n.av-special-heading.av-3pzhm-e432e6649194e0a7a6db6c5f1383b771 .av-subheading{\nfont-size:15px;\n}\n\n@media only screen and (min-width: 480px) and (max-width: 767px){ \n#top #wrap_all .av-special-heading.av-3pzhm-e432e6649194e0a7a6db6c5f1383b771 .av-special-heading-tag{\nfont-size:0.8em;\n}\n}\n\n@media only screen and (max-width: 479px){ \n#top #wrap_all .av-special-heading.av-3pzhm-e432e6649194e0a7a6db6c5f1383b771 .av-special-heading-tag{\nfont-size:0.8em;\n}\n}\n<\/style>\n<div  class='av-special-heading av-3pzhm-e432e6649194e0a7a6db6c5f1383b771 av-special-heading-h3 blockquote elegant-quote elegant-centered  avia-builder-el-13  el_before_av_textblock  avia-builder-el-first  av-inherit-size av-icon'><h3 class='av-special-heading-tag'  itemprop=\"headline\"  ><span class='heading-char avia-font-entypo-fontello' aria-hidden='true' data-av_icon='\ue84b' data-av_iconfont='entypo-fontello'><\/span><span class=\"heading-wrap\">GERENCIAMENTO<\/span><\/h3><div class=\"special-heading-border\"><div class=\"special-heading-inner-border\"><\/div><\/div><\/div><br \/>\n\n<style type=\"text\/css\" data-created_by=\"avia_inline_auto\" id=\"style-css-av-36ug2-a3c678af9ef68f53db8060b446925aac\">\n#top .av_textblock_section.av-36ug2-a3c678af9ef68f53db8060b446925aac .avia_textblock{\nfont-size:16px;\n}\n<\/style>\n<section  class='av_textblock_section av-36ug2-a3c678af9ef68f53db8060b446925aac '   itemscope=\"itemscope\" itemtype=\"https:\/\/schema.org\/CreativeWork\" ><div class='avia_textblock'  itemprop=\"text\" ><div class=\"page\" title=\"Page 5\">\n<div class=\"section\">\n<div class=\"layoutArea\">\n<div class=\"column\">\n<div class=\"page\" title=\"Page 6\">\n<div class=\"section\">\n<div class=\"layoutArea\">\n<div class=\"column\">\n<p>Implementamos um Plano de Gerenciamento para as obras, empregando ferramentas e boas pr\u00e1ticas de Gerenciamento de Projetos e Obras. Algumas dessas ferramentas incluem:<\/p>\n<ul>\n<li>Cronograma com linha do tempo semanal<\/li>\n<li>Reuni\u00f5es semanais<\/li>\n<li>Relat\u00f3rio Gerencial<\/li>\n<li>Mapa di\u00e1rio de Compras<\/li>\n<li>Programa\u00e7\u00e3o Semanal<\/li>\n<li>Medi\u00e7\u00e3o semanal de produ\u00e7\u00e3o<\/li>\n<\/ul>\n<\/div>\n<\/div>\n<\/div>\n<\/div>\n<\/div>\n<\/div>\n<\/div>\n<\/div>\n<\/div><\/section><\/p><\/div>\n<div class='av-flex-placeholder'><\/div>\n<style type=\"text\/css\" data-created_by=\"avia_inline_auto\" id=\"style-css-av-2j24a-631f0846385696361d6c2b06d2fbbf64\">\n.flex_column.av-2j24a-631f0846385696361d6c2b06d2fbbf64{\nwidth:30.333333333333%;\nmargin-left:0;\ntransform:scale(1.1);\nz-index:5;\nborder-width:1px;\nborder-color:#777777;\nborder-style:solid;\npadding:30px 30px 30px 30px;\n}\n#top .flex_column_table.av-equal-height-column-flextable.av-2j24a-631f0846385696361d6c2b06d2fbbf64 .av-flex-placeholder{\nwidth:4.5%;\n}\n<\/style>\n<div  class='flex_column av-2j24a-631f0846385696361d6c2b06d2fbbf64 av_one_third  avia-builder-el-15  el_after_av_one_third  avia-builder-el-last  flex_column_table_cell av-equal-height-column av-align-top  '     ><p>\n<style type=\"text\/css\" data-created_by=\"avia_inline_auto\" id=\"style-css-av-290ry-e1a6a6cc3ae2a55bed8cdf7d1adcdcca\">\n#top .av-special-heading.av-290ry-e1a6a6cc3ae2a55bed8cdf7d1adcdcca{\npadding-bottom:10px;\nfont-size:30px;\n}\nbody .av-special-heading.av-290ry-e1a6a6cc3ae2a55bed8cdf7d1adcdcca .av-special-heading-tag .heading-char{\nfont-size:30px;\npadding-bottom:10px;\n}\n#top #wrap_all .av-special-heading.av-290ry-e1a6a6cc3ae2a55bed8cdf7d1adcdcca .av-special-heading-tag{\nfont-size:30px;\n}\n.av-special-heading.av-290ry-e1a6a6cc3ae2a55bed8cdf7d1adcdcca .av-subheading{\nfont-size:15px;\n}\n\n@media only screen and (min-width: 480px) and (max-width: 767px){ \n#top #wrap_all .av-special-heading.av-290ry-e1a6a6cc3ae2a55bed8cdf7d1adcdcca .av-special-heading-tag{\nfont-size:0.8em;\n}\n}\n\n@media only screen and (max-width: 479px){ \n#top #wrap_all .av-special-heading.av-290ry-e1a6a6cc3ae2a55bed8cdf7d1adcdcca .av-special-heading-tag{\nfont-size:0.8em;\n}\n}\n<\/style>\n<div  class='av-special-heading av-290ry-e1a6a6cc3ae2a55bed8cdf7d1adcdcca av-special-heading-h3 blockquote elegant-quote elegant-centered  avia-builder-el-16  el_before_av_textblock  avia-builder-el-first  av-thin-font av-inherit-size av-icon'><h3 class='av-special-heading-tag'  itemprop=\"headline\"  ><span class='heading-char avia-font-entypo-fontello' aria-hidden='true' data-av_icon='\ue826' data-av_iconfont='entypo-fontello'><\/span><span class=\"heading-wrap\">CONTROLE DE <strong>QUALIDADE<\/strong><\/span><\/h3><div class=\"special-heading-border\"><div class=\"special-heading-inner-border\"><\/div><\/div><\/div><br \/>\n\n<style type=\"text\/css\" data-created_by=\"avia_inline_auto\" id=\"style-css-av-1pdg2-9b84842c83d832694b688514ad62821e\">\n#top .av_textblock_section.av-1pdg2-9b84842c83d832694b688514ad62821e .avia_textblock{\nfont-size:16px;\n}\n<\/style>\n<section  class='av_textblock_section av-1pdg2-9b84842c83d832694b688514ad62821e '   itemscope=\"itemscope\" itemtype=\"https:\/\/schema.org\/CreativeWork\" ><div class='avia_textblock'  itemprop=\"text\" ><div class=\"page\" title=\"Page 6\">\n<div class=\"section\">\n<div class=\"layoutArea\">\n<div class=\"column\">\n<p>Contamos com uma equipe dedicada ao controle de qualidade nas obras, realizando acompanhamentos em campo e gerenciando o tratamento dos dados de controle. Nossas pr\u00e1ticas incluem a sele\u00e7\u00e3o e qualifica\u00e7\u00e3o de fornecedores, dilig\u00eancias nas f\u00e1bricas, checklists nas entregas no canteiro de obras, controle tecnol\u00f3gico, rastreabilidade do concreto, controle topogr\u00e1fico, checklist dos servi\u00e7os e comissionamento das instala\u00e7\u00f5es<\/p>\n<\/div>\n<\/div>\n<\/div>\n<\/div>\n<\/div><\/section><\/p><\/div><\/div><!--close column table wrapper. Autoclose: 1 -->\n","protected":false},"excerpt":{"rendered":"","protected":false},"author":2,"featured_media":0,"parent":0,"menu_order":0,"comment_status":"closed","ping_status":"closed","template":"","meta":{"footnotes":""},"class_list":["post-42","page","type-page","status-publish","hentry"],"_links":{"self":[{"href":"https:\/\/criativa-engenharia.com\/index.php\/wp-json\/wp\/v2\/pages\/42","targetHints":{"allow":["GET"]}}],"collection":[{"href":"https:\/\/criativa-engenharia.com\/index.php\/wp-json\/wp\/v2\/pages"}],"about":[{"href":"https:\/\/criativa-engenharia.com\/index.php\/wp-json\/wp\/v2\/types\/page"}],"author":[{"embeddable":true,"href":"https:\/\/criativa-engenharia.com\/index.php\/wp-json\/wp\/v2\/users\/2"}],"replies":[{"embeddable":true,"href":"https:\/\/criativa-engenharia.com\/index.php\/wp-json\/wp\/v2\/comments?post=42"}],"version-history":[{"count":38,"href":"https:\/\/criativa-engenharia.com\/index.php\/wp-json\/wp\/v2\/pages\/42\/revisions"}],"predecessor-version":[{"id":1005,"href":"https:\/\/criativa-engenharia.com\/index.php\/wp-json\/wp\/v2\/pages\/42\/revisions\/1005"}],"wp:attachment":[{"href":"https:\/\/criativa-engenharia.com\/index.php\/wp-json\/wp\/v2\/media?parent=42"}],"curies":[{"name":"wp","href":"https:\/\/api.w.org\/{rel}","templated":true}]}}