{"id":33,"date":"2022-01-04T20:04:16","date_gmt":"2022-01-04T20:04:16","guid":{"rendered":"https:\/\/criativa-engenharia.com\/?page_id=33"},"modified":"2024-07-25T13:42:16","modified_gmt":"2024-07-25T16:42:16","slug":"contato","status":"publish","type":"page","link":"https:\/\/criativa-engenharia.com\/index.php\/contato\/","title":{"rendered":"CONTATO"},"content":{"rendered":"<div  class='flex_column av-156w9-dde1d8313ffc063c67cd907a57855f69 av_one_full  avia-builder-el-0  el_before_av_one_half  avia-builder-el-first  first flex_column_div  '     ><style type=\"text\/css\" data-created_by=\"avia_inline_auto\" id=\"style-css-av-6qnad-f8181693c96eaa2acd6e6b647271aa62\">\n#top .av-special-heading.av-6qnad-f8181693c96eaa2acd6e6b647271aa62{\npadding-bottom:10px;\ncolor:#000000;\nfont-size:40px;\n}\nbody .av-special-heading.av-6qnad-f8181693c96eaa2acd6e6b647271aa62 .av-special-heading-tag .heading-char{\nfont-size:30px;\n}\n#top #wrap_all .av-special-heading.av-6qnad-f8181693c96eaa2acd6e6b647271aa62 .av-special-heading-tag{\nfont-size:40px;\n}\n.av-special-heading.av-6qnad-f8181693c96eaa2acd6e6b647271aa62 .special-heading-inner-border{\nborder-color:#000000;\n}\n.av-special-heading.av-6qnad-f8181693c96eaa2acd6e6b647271aa62 .av-subheading{\nfont-size:15px;\n}\n\n@media only screen and (min-width: 480px) and (max-width: 767px){ \n#top #wrap_all .av-special-heading.av-6qnad-f8181693c96eaa2acd6e6b647271aa62 .av-special-heading-tag{\nfont-size:0.8em;\n}\n}\n\n@media only screen and (max-width: 479px){ \n#top #wrap_all .av-special-heading.av-6qnad-f8181693c96eaa2acd6e6b647271aa62 .av-special-heading-tag{\nfont-size:0.8em;\n}\n}\n<\/style>\n<div  class='av-special-heading av-6qnad-f8181693c96eaa2acd6e6b647271aa62 av-special-heading-h3 custom-color-heading blockquote modern-quote modern-centered  avia-builder-el-1  avia-builder-el-no-sibling  av-inherit-size'><h3 class='av-special-heading-tag'  itemprop=\"headline\"  >CONTATO<\/h3><div class=\"special-heading-border\"><div class=\"special-heading-inner-border\"><\/div><\/div><\/div><\/div>\n<div  class='flex_column av-69e59-821eaaf3579add1b069574efc3ec8e58 av_one_half  avia-builder-el-2  el_after_av_one_full  el_before_av_one_half  first flex_column_div  column-top-margin'     ><p>\n<style type=\"text\/css\" data-created_by=\"avia_inline_auto\" id=\"style-css-av-5p9lx-6d4b897fd71ae8a92ac109f095a1414b\">\n#top .av_textblock_section.av-5p9lx-6d4b897fd71ae8a92ac109f095a1414b .avia_textblock{\nfont-size:18px;\n}\n<\/style>\n<section  class='av_textblock_section av-5p9lx-6d4b897fd71ae8a92ac109f095a1414b '   itemscope=\"itemscope\" itemtype=\"https:\/\/schema.org\/CreativeWork\" ><div class='avia_textblock'  itemprop=\"text\" ><p>Fale conosco! Se voc\u00ea tem alguma d\u00favida, quer saber mais sobre nossos projetos, ou precisa de um or\u00e7amento, envie sua mensagem.<\/p>\n<\/div><\/section><br \/>\n\n<style type=\"text\/css\" data-created_by=\"avia_inline_auto\" id=\"style-css-av-hsdp-93bcc75821d8a6f0ce2633398f73afd7\">\n#top .hr.hr-invisible.av-hsdp-93bcc75821d8a6f0ce2633398f73afd7{\nheight:15px;\n}\n<\/style>\n<div  class='hr av-hsdp-93bcc75821d8a6f0ce2633398f73afd7 hr-invisible  avia-builder-el-4  el_after_av_textblock  el_before_av_textblock '><span class='hr-inner '><span class=\"hr-inner-style\"><\/span><\/span><\/div><br \/>\n\n<style type=\"text\/css\" data-created_by=\"avia_inline_auto\" id=\"style-css-av-gmy1-227a55955ca93ddf6383cd53d8d82421\">\n#top .av_textblock_section.av-gmy1-227a55955ca93ddf6383cd53d8d82421 .avia_textblock{\nfont-size:18px;\n}\n<\/style>\n<section  class='av_textblock_section av-gmy1-227a55955ca93ddf6383cd53d8d82421 '   itemscope=\"itemscope\" itemtype=\"https:\/\/schema.org\/CreativeWork\" ><div class='avia_textblock'  itemprop=\"text\" ><p>\n<style type=\"text\/css\" data-created_by=\"avia_inline_auto\" id=\"style-css-av-3tqqt-b2e07be59e4f586a920ad125b477f97d\">\n.av_font_icon.av-3tqqt-b2e07be59e4f586a920ad125b477f97d .av-icon-char{\nfont-size:24px;\nline-height:24px;\n}\n<\/style>\n<span  class='av_font_icon av-3tqqt-b2e07be59e4f586a920ad125b477f97d avia_animate_when_visible av-icon-style- avia-icon-pos-left av-no-color avia-icon-animate'><span class='av-icon-char' aria-hidden='true' data-av_icon='\ue854' data-av_iconfont='entypo-fontello' ><\/span><\/span> (19) 3291-2197<\/p>\n<p>\n<style type=\"text\/css\" data-created_by=\"avia_inline_auto\" id=\"style-css-av-3f9zl-feabf2c785d999ab82fa74b69f8561f0\">\n.av_font_icon.av-3f9zl-feabf2c785d999ab82fa74b69f8561f0 .av-icon-char{\nfont-size:24px;\nline-height:24px;\n}\n<\/style>\n<span  class='av_font_icon av-3f9zl-feabf2c785d999ab82fa74b69f8561f0 avia_animate_when_visible av-icon-style- avia-icon-pos-left av-no-color avia-icon-animate'><span class='av-icon-char' aria-hidden='true' data-av_icon='\uf232' data-av_iconfont='entypo-fontello' ><\/span><\/span> (19) 98327-3258<\/p>\n<p>\n<style type=\"text\/css\" data-created_by=\"avia_inline_auto\" id=\"style-css-av-2selx-c84dedd73e3dbfa81497344d3487586e\">\n.av_font_icon.av-2selx-c84dedd73e3dbfa81497344d3487586e .av-icon-char{\nfont-size:24px;\nline-height:24px;\n}\n<\/style>\n<span  class='av_font_icon av-2selx-c84dedd73e3dbfa81497344d3487586e avia_animate_when_visible av-icon-style- avia-icon-pos-left av-no-color avia-icon-animate'><span class='av-icon-char' aria-hidden='true' data-av_icon='\ue805' data-av_iconfont='entypo-fontello' ><\/span><\/span>comercial@criativa-engenharia.com<\/p>\n<p>\n<style type=\"text\/css\" data-created_by=\"avia_inline_auto\" id=\"style-css-av-sq9-ecca042a810383efde602e8fc82cbf7c\">\n.av_font_icon.av-sq9-ecca042a810383efde602e8fc82cbf7c .av-icon-char{\nfont-size:24px;\nline-height:24px;\n}\n<\/style>\n<span  class='av_font_icon av-sq9-ecca042a810383efde602e8fc82cbf7c avia_animate_when_visible av-icon-style- avia-icon-pos-left av-no-color avia-icon-animate'><span class='av-icon-char' aria-hidden='true' data-av_icon='\ue842' data-av_iconfont='entypo-fontello' ><\/span><\/span> Rua Dr. Arnaldo de Carvalho, 156 &#8211; Bonfim &#8211; Campinas\/SP CEP: 13070-723<\/p>\n<\/div><\/section><\/p><\/div><div  class='flex_column av-1lf01-f51e54260cf87e9bfce0fee6681b6283 av_one_half  avia-builder-el-10  el_after_av_one_half  avia-builder-el-last  flex_column_div  column-top-margin'     ><section  class='av_textblock_section av-pcr9-0ad04d3428b7fc7fc9b9bc77237cec1a '   itemscope=\"itemscope\" itemtype=\"https:\/\/schema.org\/CreativeWork\" ><div class='avia_textblock'  itemprop=\"text\" ><div class=\"wpforms-container wpforms-container-full\" id=\"wpforms-626\"><form id=\"wpforms-form-626\" class=\"wpforms-validate wpforms-form wpforms-ajax-form\" data-formid=\"626\" method=\"post\" enctype=\"multipart\/form-data\" action=\"\/index.php\/wp-json\/wp\/v2\/pages\/33\" data-token=\"215c25d087d2581bd6a31fae1ae9be87\" data-token-time=\"1778846891\"><noscript class=\"wpforms-error-noscript\">Ative o JavaScript no seu navegador para preencher este formul\u00e1rio.<\/noscript><div class=\"wpforms-field-container\"><div id=\"wpforms-626-field_1-container\" class=\"wpforms-field wpforms-field-text\" data-field-id=\"1\"><label class=\"wpforms-field-label\" for=\"wpforms-626-field_1\">Nome: <span class=\"wpforms-required-label\">*<\/span><\/label><input type=\"text\" id=\"wpforms-626-field_1\" class=\"wpforms-field-medium wpforms-field-required\" name=\"wpforms[fields][1]\" required><\/div><div id=\"wpforms-626-field_6-container\" class=\"wpforms-field wpforms-field-number\" data-field-id=\"6\"><label class=\"wpforms-field-label\" for=\"wpforms-626-field_6\">Telefone: <span class=\"wpforms-required-label\">*<\/span><\/label><input type=\"number\" id=\"wpforms-626-field_6\" class=\"wpforms-field-medium wpforms-field-required\" name=\"wpforms[fields][6]\" required><\/div><div id=\"wpforms-626-field_3-container\" class=\"wpforms-field wpforms-field-text\" data-field-id=\"3\"><label class=\"wpforms-field-label\" for=\"wpforms-626-field_3\">E-mail: <span class=\"wpforms-required-label\">*<\/span><\/label><input type=\"text\" id=\"wpforms-626-field_3\" class=\"wpforms-field-medium wpforms-field-required\" name=\"wpforms[fields][3]\" required><\/div><div id=\"wpforms-626-field_5-container\" class=\"wpforms-field wpforms-field-textarea\" data-field-id=\"5\"><label class=\"wpforms-field-label\" for=\"wpforms-626-field_5\">Mensagem: <span class=\"wpforms-required-label\">*<\/span><\/label><textarea id=\"wpforms-626-field_5\" class=\"wpforms-field-medium wpforms-field-required\" name=\"wpforms[fields][5]\" required><\/textarea><\/div><\/div><!-- .wpforms-field-container --><div class=\"wpforms-submit-container\" ><input type=\"hidden\" name=\"wpforms[id]\" value=\"626\"><input type=\"hidden\" name=\"page_title\" value=\"\"><input type=\"hidden\" name=\"page_url\" value=\"https:\/\/criativa-engenharia.com\/index.php\/wp-json\/wp\/v2\/pages\/33\"><button type=\"submit\" name=\"wpforms[submit]\" id=\"wpforms-submit-626\" class=\"wpforms-submit\" data-alt-text=\"Enviando\" data-submit-text=\"Enviar\" aria-live=\"assertive\" value=\"wpforms-submit\">Enviar<\/button><img loading=\"lazy\" decoding=\"async\" src=\"https:\/\/criativa-engenharia.com\/wp-content\/plugins\/wpforms-lite\/assets\/images\/submit-spin.svg\" class=\"wpforms-submit-spinner\" style=\"display: none;\" width=\"26\" height=\"26\" alt=\"Carregando\"><\/div><\/form><\/div>  <!-- .wpforms-container -->\n<\/div><\/section><\/div><\/p>\n","protected":false},"excerpt":{"rendered":"","protected":false},"author":2,"featured_media":0,"parent":0,"menu_order":0,"comment_status":"closed","ping_status":"closed","template":"","meta":{"footnotes":""},"class_list":["post-33","page","type-page","status-publish","hentry"],"_links":{"self":[{"href":"https:\/\/criativa-engenharia.com\/index.php\/wp-json\/wp\/v2\/pages\/33","targetHints":{"allow":["GET"]}}],"collection":[{"href":"https:\/\/criativa-engenharia.com\/index.php\/wp-json\/wp\/v2\/pages"}],"about":[{"href":"https:\/\/criativa-engenharia.com\/index.php\/wp-json\/wp\/v2\/types\/page"}],"author":[{"embeddable":true,"href":"https:\/\/criativa-engenharia.com\/index.php\/wp-json\/wp\/v2\/users\/2"}],"replies":[{"embeddable":true,"href":"https:\/\/criativa-engenharia.com\/index.php\/wp-json\/wp\/v2\/comments?post=33"}],"version-history":[{"count":12,"href":"https:\/\/criativa-engenharia.com\/index.php\/wp-json\/wp\/v2\/pages\/33\/revisions"}],"predecessor-version":[{"id":1023,"href":"https:\/\/criativa-engenharia.com\/index.php\/wp-json\/wp\/v2\/pages\/33\/revisions\/1023"}],"wp:attachment":[{"href":"https:\/\/criativa-engenharia.com\/index.php\/wp-json\/wp\/v2\/media?parent=33"}],"curies":[{"name":"wp","href":"https:\/\/api.w.org\/{rel}","templated":true}]}}